{"id":17759,"date":"2025-02-04T11:54:10","date_gmt":"2025-02-04T11:54:10","guid":{"rendered":"https:\/\/hulc.io\/was-sind-blogger\/was-sind-content-creators\/"},"modified":"2025-03-25T14:48:27","modified_gmt":"2025-03-25T14:48:27","slug":"was-sind-content-creators","status":"publish","type":"page","link":"https:\/\/hulc.io\/de\/was-sind-blogger\/was-sind-content-creators\/","title":{"rendered":"Was sind Content Creators?"},"content":{"rendered":"\n<p id=\"a1c1e220-3267-4b49-bd4f-08e59b34b3c5\">Ein Content Creator ist jemand, der originelle Inhalte f\u00fcr das Internet erstellt. Er oder sie kann Artikel schreiben, Videos oder Podcasts erstellen oder Bilder entwerfen. Content Creators sind ein wichtiger Teil der Online-Landschaft, und ihre Arbeit spielt eine entscheidende Rolle bei der Gestaltung des Internets. Es hat viele Vorteile, ein Inhaltsersteller zu sein. Erstens k\u00f6nnen Sie Ihre Kreativit\u00e4t mit der Welt teilen. Au\u00dferdem erhalten Sie eine Plattform, mit der Sie ein gro\u00dfes Publikum erreichen und sich eine Anh\u00e4ngerschaft aufbauen k\u00f6nnen. Au\u00dferdem k\u00f6nnen Sie auf diese Weise online Geld verdienen. Wenn Sie ein H\u00e4ndchen f\u00fcr die Erstellung hochwertiger Inhalte haben, k\u00f6nnen Sie Ihre F\u00e4higkeiten zu Geld machen, indem Sie Ihre Arbeit verkaufen oder mit Marken zusammenarbeiten.       <\/p>\n\n<p id=\"bd0b8c11-e2f4-46c9-bef5-beb76ffe3d12\">Wenn Sie also auf der Suche nach einem kreativen Ventil sind oder sich etwas dazuverdienen m\u00f6chten, sollten Sie in Erw\u00e4gung ziehen, Content Creator zu werden. Mit harter Arbeit und Hingabe k\u00f6nnen Sie Ihre Leidenschaft in eine erfolgreiche Karriere verwandeln. <\/p>\n\n<h2 class=\"wp-block-heading\">Warum sind Autoren von Inhalten wichtig?<\/h2>\n\n<p id=\"a1c1e220-3267-4b49-bd4f-08e59b34b3c5\">Es gibt viele Gr\u00fcnde, warum Autoren von Inhalten wichtig sind. Sie k\u00f6nnen Unternehmen dabei helfen, f\u00fcr ihre Produkte oder Dienstleistungen zu werben, <a href=\"https:\/\/hulc.io\/de\/?page_id=17756\">den Bekanntheitsgrad ihrer Marke<\/a> zu steigern und die Besucherzahlen auf ihrer Website zu erh\u00f6hen. Dar\u00fcber hinaus k\u00f6nnen Content Creators ihrem Publikum wertvolle Informationen und Einblicke geben.  <\/p>\n\n<h2 class=\"wp-block-heading\">Die Vorteile f\u00fcr die Ersteller von Inhalten<\/h2>\n\n<p id=\"a1c1e220-3267-4b49-bd4f-08e59b34b3c5\">Autoren von Inhalten bieten Unternehmen und Organisationen eine Vielzahl von Vorteilen. Sie k\u00f6nnen Ihnen helfen, f\u00fcr Ihre Produkte oder Dienstleistungen zu werben, Ihre Marke bekannt zu machen, die Besucherzahlen auf Ihrer Website zu erh\u00f6hen und Ihrem Publikum wertvolle Informationen und Einblicke zu geben. Au\u00dferdem k\u00f6nnen Content Creators Ihnen helfen, mit potenziellen Kunden und Klienten in Kontakt zu treten.  <\/p>\n\n<p id=\"a1c1e220-3267-4b49-bd4f-08e59b34b3c5\">Wenn es um die Vermarktung Ihres Unternehmens oder Ihrer Organisation geht, sind Inhalte das A und O. Die Erstellung von Inhalten ist ein wesentlicher Bestandteil jeder effektiven Marketingstrategie. Wenn Sie den gr\u00f6\u00dftm\u00f6glichen Erfolg erzielen wollen, m\u00fcssen Sie in die Erstellung von Inhalten investieren.  <\/p>\n\n<p id=\"a1c1e220-3267-4b49-bd4f-08e59b34b3c5\">Inhaltsersteller sind wichtig, weil sie Ihnen helfen k\u00f6nnen, Ihre Marketingziele zu erreichen. Wenn Sie f\u00fcr Ihre Produkte oder Dienstleistungen werben, die Bekanntheit Ihrer Marke steigern, die <a href=\"https:\/\/hulc.io\/de\/?page_id=17677\">Besucherzahlen Ihrer Website<\/a> erh\u00f6hen oder mit potenziellen Kunden und Klienten in Kontakt treten m\u00f6chten, k\u00f6nnen Inhaltsersteller Ihnen dabei helfen. Die Investition in Content Creators ist ein kluger Schachzug f\u00fcr jedes Unternehmen oder jede Organisation, die erfolgreich sein will.  <\/p>\n\n<h2 class=\"wp-block-heading\">Ersteller von Inhalten als Blogger, YouTuber oder Instagrammer<\/h2>\n\n<p id=\"220b04c5-4104-4ba2-a70f-d6ade12faf6a\">Die Erstellung von Inhalten als Blogger, YouTuber oder <a href=\"https:\/\/hulc.io\/dit-zijn-100-van-de-grootste-instagram-influencers-ter-wereld\/\">Instagrammer<\/a> ist zu einer Karriere geworden, die viele Menschen anstreben. Und warum? Weil Sie als Content Creator die Freiheit haben, zu schaffen, was Sie wollen, und daf\u00fcr bezahlt werden. Das ist doch der Traum, oder?   <\/p>\n\n<p id=\"220b04c5-4104-4ba2-a70f-d6ade12faf6a\">Aber was bedeutet es eigentlich, ein Content Creator zu sein? Und ist es alles, was es zu sein verspricht? <\/p>\n\n<p id=\"220b04c5-4104-4ba2-a70f-d6ade12faf6a\">Wie der Name schon sagt, sind Content Creators f\u00fcr die Erstellung von&#8230; Inhalten verantwortlich. Dabei kann es sich um alles M\u00f6gliche handeln, von Blogbeitr\u00e4gen und Video-Tutorials bis hin zu Beitr\u00e4gen f\u00fcr <a href=\"https:\/\/hulc.io\/social-media-marketing\/\">soziale Medien<\/a> und Infografiken. Grunds\u00e4tzlich gilt: Wenn es sich um etwas handelt, das online konsumiert werden kann, war wahrscheinlich ein Content Creator an der Erstellung beteiligt.  <\/p>\n\n<p>Autoren von Inhalten sind wichtig, weil sie die Menschen mit Informationen und Unterhaltung versorgen. In einer Welt, in der wir st\u00e4ndig mit Werbung bombardiert werden, ist es erfrischend, Inhalte zu sehen, die nicht versuchen, uns etwas zu verkaufen. <\/p>\n","protected":false},"excerpt":{"rendered":"<p>Haben Sie Spa\u00df am Erstellen von Inhalten? Schreiben, gestalten oder filmen Sie leidenschaftlich gerne? Wenn ja, fragen Sie sich vielleicht, was ein Content Creator ist.  <\/p>\n","protected":false},"author":6,"featured_media":16969,"parent":17624,"menu_order":0,"comment_status":"closed","ping_status":"closed","template":"","meta":{"_acf_changed":false,"footnotes":""},"class_list":["post-17759","page","type-page","status-publish","has-post-thumbnail","hentry"],"acf":[],"_links":{"self":[{"href":"https:\/\/hulc.io\/de\/wp-json\/wp\/v2\/pages\/17759","targetHints":{"allow":["GET"]}}],"collection":[{"href":"https:\/\/hulc.io\/de\/wp-json\/wp\/v2\/pages"}],"about":[{"href":"https:\/\/hulc.io\/de\/wp-json\/wp\/v2\/types\/page"}],"author":[{"embeddable":true,"href":"https:\/\/hulc.io\/de\/wp-json\/wp\/v2\/users\/6"}],"replies":[{"embeddable":true,"href":"https:\/\/hulc.io\/de\/wp-json\/wp\/v2\/comments?post=17759"}],"version-history":[{"count":2,"href":"https:\/\/hulc.io\/de\/wp-json\/wp\/v2\/pages\/17759\/revisions"}],"predecessor-version":[{"id":17763,"href":"https:\/\/hulc.io\/de\/wp-json\/wp\/v2\/pages\/17759\/revisions\/17763"}],"up":[{"embeddable":true,"href":"https:\/\/hulc.io\/de\/wp-json\/wp\/v2\/pages\/17624"}],"wp:featuredmedia":[{"embeddable":true,"href":"https:\/\/hulc.io\/de\/wp-json\/wp\/v2\/media\/16969"}],"wp:attachment":[{"href":"https:\/\/hulc.io\/de\/wp-json\/wp\/v2\/media?parent=17759"}],"curies":[{"name":"wp","href":"https:\/\/api.w.org\/{rel}","templated":true}]}}